{"id":14,"date":"2016-08-04T08:52:28","date_gmt":"2016-08-04T08:52:28","guid":{"rendered":"http:\/\/sw-themes.com\/porto_dummy\/?page_id=14"},"modified":"2024-07-19T13:10:07","modified_gmt":"2024-07-19T13:10:07","slug":"about","status":"publish","type":"page","link":"https:\/\/vvpartners.co\/tr\/hakkinda\/","title":{"rendered":"Hakk\u0131nda"},"content":{"rendered":"<div data-elementor-type=\"wp-page\" data-elementor-id=\"14\" class=\"elementor elementor-14\">\n\t\t\t\t\t\t<section class=\"elementor-section elementor-top-section elementor-element elementor-element-ac92c65 elementor-section-content-middle elementor-section-boxed elementor-section-height-default elementor-section-height-default\" data-id=\"ac92c65\" data-element_type=\"section\">\r\n\t\t\r\n\t\t\t\t\t\t\t<div class=\"elementor-container elementor-column-gap-no\">\r\n\t\t\t\t\t\t\t\t\t\t\t<div class=\"elementor-column elementor-col-50 elementor-top-column elementor-element elementor-element-98b198d elementor-invisible\" data-id=\"98b198d\" data-element_type=\"column\" data-settings=\"{&quot;animation&quot;:&quot;fadeIn&quot;,&quot;animation_delay&quot;:&quot;100&quot;}\">\r\n\t\t\t\t\t<div class=\"elementor-widget-wrap elementor-element-populated\">\r\n\t\t\t\t\t\t\t\t<div class=\"elementor-element elementor-element-14ad703 about-text elementor-widget__width-initial elementor-widget elementor-widget-porto_ultimate_heading\" data-id=\"14ad703\" data-element_type=\"widget\" data-widget_type=\"porto_ultimate_heading.default\">\n\t\t\t\t<div class=\"elementor-widget-container\">\n\t\t\t\t\t<div class=\"porto-u-heading  porto-u-ad87e2eaf3f9c495180fe0156ddf3eb0\"><div class=\"porto-u-sub-heading\" style=\"margin-bottom:20px;\"><p><span style=\"color: #000000; font-size: 18px;\">G\u00fcn\u00fcm\u00fcz\u00fcn i\u015f ortam\u0131nda, markalar ve kurulu\u015flar a\u015f\u0131r\u0131 i\u015f y\u00fck\u00fcn\u00fc y\u00f6netmek gibi zorlu bir g\u00f6revle kar\u015f\u0131 kar\u015f\u0131yad\u0131r. <\/span><\/p><p><span style=\"color: #000000; font-size: 18px;\">Hemen hemen her kurulu\u015f ve karar vericileri \u015fu sorunlarla m\u00fccadele etmektedir:<\/span><\/p><p><span style=\"color: #000000; font-size: 18px;\"><img fetchpriority=\"high\" decoding=\"async\" class=\"about-bullets alignnone wp-image-4841 size-full\" src=\"https:\/\/vvpartners.co\/demo\/wp-content\/uploads\/2024\/06\/bullets.png\" alt=\"\" width=\"879\" height=\"430\" srcset=\"https:\/\/vvpartners.co\/wp-content\/uploads\/2024\/06\/bullets.png 879w, https:\/\/vvpartners.co\/wp-content\/uploads\/2024\/06\/bullets-768x376.png 768w, https:\/\/vvpartners.co\/wp-content\/uploads\/2024\/06\/bullets-640x313.png 640w, https:\/\/vvpartners.co\/wp-content\/uploads\/2024\/06\/bullets-400x196.png 400w, https:\/\/vvpartners.co\/wp-content\/uploads\/2024\/06\/bullets-367x180.png 367w\" sizes=\"(max-width: 879px) 100vw, 879px\" \/><\/span><\/p><p><span style=\"color: #000000; font-size: 18px;\">Bu alanlarda 20 y\u0131l\u0131 a\u015fk\u0131n deneyime sahip olan, <br \/>verimli ortaklarla bu karma\u015f\u0131k i\u015f ortam\u0131nda yolunuzu bulman\u0131z i\u00e7in de\u011ferli bir \u00e7\u00f6z\u00fcm sunuyoruz.<\/span><\/p><\/div><style>.porto-u-ad87e2eaf3f9c495180fe0156ddf3eb0.porto-u-heading{text-align:left}<\/style><\/div>\t\t\t\t<\/div>\n\t\t\t\t<\/div>\n\t\t\t\t\t<\/div>\r\n\t\t\t\t<\/div>\r\n\t\t\t\t<div class=\"elementor-column elementor-col-50 elementor-top-column elementor-element elementor-element-7b577ce elementor-invisible\" data-id=\"7b577ce\" data-element_type=\"column\" data-settings=\"{&quot;animation&quot;:&quot;fadeIn&quot;,&quot;animation_delay&quot;:&quot;100&quot;}\">\r\n\t\t\t\t\t<div class=\"elementor-widget-wrap elementor-element-populated\">\r\n\t\t\t\t\t\t\t\t<div class=\"elementor-element elementor-element-77340b6 elementor-widget elementor-widget-image\" data-id=\"77340b6\" data-element_type=\"widget\" data-widget_type=\"image.default\">\n\t\t\t\t<div class=\"elementor-widget-container\">\n\t\t\t\t\t\t\t\t\t\t\t\t\t\t\t<img decoding=\"async\" width=\"1500\" height=\"1500\" src=\"https:\/\/vvpartners.co\/wp-content\/uploads\/2024\/07\/about-us.jpg\" class=\"attachment-full size-full wp-image-5235\" alt=\"\" srcset=\"https:\/\/vvpartners.co\/wp-content\/uploads\/2024\/07\/about-us.jpg 1500w, https:\/\/vvpartners.co\/wp-content\/uploads\/2024\/07\/about-us-1024x1024.jpg 1024w, https:\/\/vvpartners.co\/wp-content\/uploads\/2024\/07\/about-us-768x768.jpg 768w, https:\/\/vvpartners.co\/wp-content\/uploads\/2024\/07\/about-us-640x640.jpg 640w, https:\/\/vvpartners.co\/wp-content\/uploads\/2024\/07\/about-us-400x400.jpg 400w, https:\/\/vvpartners.co\/wp-content\/uploads\/2024\/07\/about-us-560x560.jpg 560w, https:\/\/vvpartners.co\/wp-content\/uploads\/2024\/07\/about-us-367x367.jpg 367w\" sizes=\"(max-width: 1500px) 100vw, 1500px\" \/>\t\t\t\t\t\t\t\t\t\t\t\t\t\t\t<\/div>\n\t\t\t\t<\/div>\n\t\t\t\t\t<\/div>\r\n\t\t\t\t<\/div>\r\n\t\t\t\t\t<\/div>\r\n\t\t\t\t<\/section>\r\n\t\t\t\t<section class=\"elementor-section elementor-top-section elementor-element elementor-element-9673c79 elementor-section-boxed elementor-section-height-default elementor-section-height-default\" data-id=\"9673c79\" data-element_type=\"section\">\r\n\t\t\r\n\t\t\t\t\t\t\t<div class=\"elementor-container elementor-column-gap-no\">\r\n\t\t\t\t\t\t\t\t\t\t\t<div class=\"elementor-column elementor-col-100 elementor-top-column elementor-element elementor-element-bf60f72 elementor-invisible\" data-id=\"bf60f72\" data-element_type=\"column\" data-settings=\"{&quot;animation&quot;:&quot;fadeIn&quot;,&quot;animation_delay&quot;:&quot;100&quot;}\">\r\n\t\t\t\t\t<div class=\"elementor-widget-wrap elementor-element-populated\">\r\n\t\t\t\t\t\t\t\t<div class=\"elementor-element elementor-element-3983271 elementor-widget elementor-widget-porto_ultimate_heading\" data-id=\"3983271\" data-element_type=\"widget\" data-widget_type=\"porto_ultimate_heading.default\">\n\t\t\t\t<div class=\"elementor-widget-container\">\n\t\t\t\t\t<div class=\"porto-u-heading  porto-u-ad87e2eaf3f9c495180fe0156ddf3eb0\"><div class=\"porto-u-main-heading\"><h4   >Metodolojimizi Ke\u015ffedin:<\/h4><\/div><style>.porto-u-ad87e2eaf3f9c495180fe0156ddf3eb0.porto-u-heading{text-align:left}<\/style><\/div>\t\t\t\t<\/div>\n\t\t\t\t<\/div>\n\t\t\t\t<div class=\"elementor-element elementor-element-f1ff15b elementor-widget elementor-widget-porto_ultimate_heading\" data-id=\"f1ff15b\" data-element_type=\"widget\" data-widget_type=\"porto_ultimate_heading.default\">\n\t\t\t\t<div class=\"elementor-widget-container\">\n\t\t\t\t\t<div class=\"porto-u-heading  porto-u-ad87e2eaf3f9c495180fe0156ddf3eb0\"><div class=\"porto-u-sub-heading\" style=\"margin-bottom:20px;\"><div><div class=\"rdn\"><img decoding=\"async\" class=\"alignnone size-full wp-image-4840\" src=\"https:\/\/vvpartners.co\/demo\/wp-content\/uploads\/2024\/06\/how-we-work-1.png\" alt=\"\" width=\"3115\" height=\"1379\" data-wp-editing=\"1\" srcset=\"https:\/\/vvpartners.co\/wp-content\/uploads\/2024\/06\/how-we-work-1.png 3115w, https:\/\/vvpartners.co\/wp-content\/uploads\/2024\/06\/how-we-work-1-1024x453.png 1024w, https:\/\/vvpartners.co\/wp-content\/uploads\/2024\/06\/how-we-work-1-768x340.png 768w, https:\/\/vvpartners.co\/wp-content\/uploads\/2024\/06\/how-we-work-1-1536x680.png 1536w, https:\/\/vvpartners.co\/wp-content\/uploads\/2024\/06\/how-we-work-1-2048x907.png 2048w, https:\/\/vvpartners.co\/wp-content\/uploads\/2024\/06\/how-we-work-1-640x283.png 640w, https:\/\/vvpartners.co\/wp-content\/uploads\/2024\/06\/how-we-work-1-400x177.png 400w, https:\/\/vvpartners.co\/wp-content\/uploads\/2024\/06\/how-we-work-1-367x162.png 367w\" sizes=\"(max-width: 3115px) 100vw, 3115px\" \/><\/div><\/div><div class=\"dn rdb\"><img decoding=\"async\" class=\"alignnone size-full wp-image-5018\" src=\"https:\/\/vvpartners.co\/demo\/wp-content\/uploads\/2024\/07\/how-we-work-1-m.png\" alt=\"\" width=\"100%\" srcset=\"https:\/\/vvpartners.co\/wp-content\/uploads\/2024\/07\/how-we-work-1-m.png 1590w, https:\/\/vvpartners.co\/wp-content\/uploads\/2024\/07\/how-we-work-1-m-533x1024.png 533w, https:\/\/vvpartners.co\/wp-content\/uploads\/2024\/07\/how-we-work-1-m-768x1474.png 768w, https:\/\/vvpartners.co\/wp-content\/uploads\/2024\/07\/how-we-work-1-m-800x1536.png 800w, https:\/\/vvpartners.co\/wp-content\/uploads\/2024\/07\/how-we-work-1-m-1067x2048.png 1067w, https:\/\/vvpartners.co\/wp-content\/uploads\/2024\/07\/how-we-work-1-m-640x1228.png 640w, https:\/\/vvpartners.co\/wp-content\/uploads\/2024\/07\/how-we-work-1-m-400x768.png 400w, https:\/\/vvpartners.co\/wp-content\/uploads\/2024\/07\/how-we-work-1-m-367x704.png 367w\" sizes=\"(max-width: 1590px) 100vw, 1590px\" \/><\/div><\/div><style>.porto-u-ad87e2eaf3f9c495180fe0156ddf3eb0.porto-u-heading{text-align:left}<\/style><\/div>\t\t\t\t<\/div>\n\t\t\t\t<\/div>\n\t\t\t\t\t<\/div>\r\n\t\t\t\t<\/div>\r\n\t\t\t\t\t<\/div>\r\n\t\t\t\t<\/section>\r\n\t\t\t\t<div class=\"elementor-section elementor-top-section elementor-element elementor-element-197ff4d elementor-section-content-middle py-5 elementor-section-boxed elementor-section-height-default elementor-section-height-default\" data-id=\"197ff4d\" data-element_type=\"section\" data-settings=\"{&quot;background_background&quot;:&quot;classic&quot;}\">\r\n\t\t\r\n\t\t\t\t\t\t\t<div class=\"elementor-container elementor-column-gap-default\">\r\n\t\t\t\t\t\t\t\t\t\t\t<div class=\"elementor-column elementor-col-50 elementor-top-column elementor-element elementor-element-57bfac1 m-t-xs m-b-xs elementor-invisible\" data-id=\"57bfac1\" data-element_type=\"column\" data-settings=\"{&quot;animation&quot;:&quot;fadeIn&quot;,&quot;animation_delay&quot;:&quot;200&quot;}\">\r\n\t\t\t\t\t<div class=\"elementor-widget-wrap elementor-element-populated\">\r\n\t\t\t\t\t\t\t\t<div class=\"elementor-element elementor-element-dc47bb2 elementor-widget__width-initial elementor-widget elementor-widget-porto_ultimate_heading\" data-id=\"dc47bb2\" data-element_type=\"widget\" data-widget_type=\"porto_ultimate_heading.default\">\n\t\t\t\t<div class=\"elementor-widget-container\">\n\t\t\t\t\t<div class=\"porto-u-heading  porto-u-8fbe104863930625c55faee5dd405540\"><div class=\"porto-u-main-heading\"><h2    style=\"margin-bottom: 4px;\">Do\u011fru \u00e7\u00f6z\u00fcm\u00fc bulmak i\u00e7in i\u015fbirli\u011fi yapal\u0131m.<\/h2><\/div><div class=\"porto-u-sub-heading\" style=\"\"><p>Bug\u00fcn Randevu Al\u0131n<\/p><\/div><style>.porto-u-8fbe104863930625c55faee5dd405540.porto-u-heading{text-align:left} @media(max-width:991px){ .porto-u-8fbe104863930625c55faee5dd405540.porto-u-heading{text-align:center}} @media(max-width:767px){ .porto-u-8fbe104863930625c55faee5dd405540.porto-u-heading{text-align:center}}<\/style><\/div>\t\t\t\t<\/div>\n\t\t\t\t<\/div>\n\t\t\t\t\t<\/div>\r\n\t\t\t\t<\/div>\r\n\t\t\t\t<div class=\"elementor-column elementor-col-50 elementor-top-column elementor-element elementor-element-edbfdac m-t-xs m-b-xs elementor-invisible\" data-id=\"edbfdac\" data-element_type=\"column\" data-settings=\"{&quot;animation&quot;:&quot;fadeIn&quot;,&quot;animation_delay&quot;:&quot;300&quot;}\">\r\n\t\t\t\t\t<div class=\"elementor-widget-wrap elementor-element-populated\">\r\n\t\t\t\t\t\t\t\t<div class=\"elementor-element elementor-element-cc09083 elementor-align-right elementor-tablet-align-center elementor-widget elementor-widget-button\" data-id=\"cc09083\" data-element_type=\"widget\" data-widget_type=\"button.default\">\n\t\t\t\t<div class=\"elementor-widget-container\">\n\t\t\t\t\t\t\t\t\t<div class=\"elementor-button-wrapper\">\n\t\t\t\t\t<a class=\"elementor-button elementor-button-link elementor-size-md\" href=\"https:\/\/vvpartners.co\/tr\/demo\/contact\/\">\n\t\t\t\t\t\t<span class=\"elementor-button-content-wrapper\">\n\t\t\t\t\t\t\t\t\t<span class=\"elementor-button-text\">Bize Ula\u015f\u0131n<\/span>\n\t\t\t\t\t<\/span>\n\t\t\t\t\t<\/a>\n\t\t\t\t<\/div>\n\t\t\t\t\t\t\t\t<\/div>\n\t\t\t\t<\/div>\n\t\t\t\t\t<\/div>\r\n\t\t\t\t<\/div>\r\n\t\t\t\t\t<\/div>\r\n\t\t\t\t<\/div>\r\n\t\t\t\t<\/div>","protected":false},"excerpt":{"rendered":"<p>In today&#8217;s business environment, brands and organizations face the daunting task of managing an overwhelming workload. Almost every organization and its decision-makers are struggling with: With over 20 years of experience in these fields, we offer a valuable solution for navigating this intricate business landscape with efficient partners. Explore Our Methodology: Let&#8217;s collaborate to find [&hellip;]<\/p>","protected":false},"author":1,"featured_media":0,"parent":0,"menu_order":0,"comment_status":"closed","ping_status":"closed","template":"","meta":{"content-type":"","footnotes":""},"class_list":["post-14","page","type-page","status-publish","hentry"],"yoast_head":"<!-- This site is optimized with the Yoast SEO plugin v26.3 - https:\/\/yoast.com\/wordpress\/plugins\/seo\/ -->\n<title>About - Value Venture &amp; Partners<\/title>\n<meta name=\"description\" content=\"VVP specializes in identifying the right expertise, marketing and technology partners and managing the process on your behalf. By doing so, we lighten your load, enabling you to focus more on growth and success.\" \/>\n<meta name=\"robots\" content=\"index, follow, max-snippet:-1, max-image-preview:large, max-video-preview:-1\" \/>\n<link rel=\"canonical\" href=\"https:\/\/vvpartners.co\/tr\/hakkinda\/\" \/>\n<meta property=\"og:locale\" content=\"tr_TR\" \/>\n<meta property=\"og:type\" content=\"article\" \/>\n<meta property=\"og:title\" content=\"Value Venture &amp; Partners\" \/>\n<meta property=\"og:description\" content=\"VVP specializes in identifying the right expertise, marketing and technology partners and managing the process on your behalf. By doing so, we lighten your load, enabling you to focus more on growth and success.\" \/>\n<meta property=\"og:url\" content=\"https:\/\/vvpartners.co\/tr\/hakkinda\/\" \/>\n<meta property=\"og:site_name\" content=\"Value Venture &amp; Partners\" \/>\n<meta property=\"article:modified_time\" content=\"2024-07-19T13:10:07+00:00\" \/>\n<meta property=\"og:image\" content=\"https:\/\/vvpartners.co\/wp-content\/uploads\/2024\/07\/meta-vvp.png\" \/>\n\t<meta property=\"og:image:width\" content=\"1024\" \/>\n\t<meta property=\"og:image:height\" content=\"1024\" \/>\n\t<meta property=\"og:image:type\" content=\"image\/png\" \/>\n<meta name=\"twitter:card\" content=\"summary_large_image\" \/>\n<meta name=\"twitter:title\" content=\"Value Venture &amp; Partners\" \/>\n<meta name=\"twitter:description\" content=\"VVP specializes in identifying the right expertise, marketing and technology partners and managing the process on your behalf. By doing so, we lighten your load, enabling you to focus more on growth and success.\" \/>\n<meta name=\"twitter:image\" content=\"https:\/\/vvpartners.co\/wp-content\/uploads\/2024\/07\/meta-vvp.png\" \/>\n<meta name=\"twitter:label1\" content=\"Tahmini okuma s\u00fcresi\" \/>\n\t<meta name=\"twitter:data1\" content=\"2 dakika\" \/>\n<script type=\"application\/ld+json\" class=\"yoast-schema-graph\">{\"@context\":\"https:\/\/schema.org\",\"@graph\":[{\"@type\":\"WebPage\",\"@id\":\"https:\/\/vvpartners.co\/about\/\",\"url\":\"https:\/\/vvpartners.co\/about\/\",\"name\":\"About - Value Venture &amp; Partners\",\"isPartOf\":{\"@id\":\"https:\/\/vvpartners.co\/#website\"},\"primaryImageOfPage\":{\"@id\":\"https:\/\/vvpartners.co\/about\/#primaryimage\"},\"image\":{\"@id\":\"https:\/\/vvpartners.co\/about\/#primaryimage\"},\"thumbnailUrl\":\"https:\/\/vvpartners.co\/wp-content\/uploads\/2024\/06\/bullets.png\",\"datePublished\":\"2016-08-04T08:52:28+00:00\",\"dateModified\":\"2024-07-19T13:10:07+00:00\",\"description\":\"VVP specializes in identifying the right expertise, marketing and technology partners and managing the process on your behalf. By doing so, we lighten your load, enabling you to focus more on growth and success.\",\"breadcrumb\":{\"@id\":\"https:\/\/vvpartners.co\/about\/#breadcrumb\"},\"inLanguage\":\"tr\",\"potentialAction\":[{\"@type\":\"ReadAction\",\"target\":[\"https:\/\/vvpartners.co\/about\/\"]}]},{\"@type\":\"ImageObject\",\"inLanguage\":\"tr\",\"@id\":\"https:\/\/vvpartners.co\/about\/#primaryimage\",\"url\":\"https:\/\/vvpartners.co\/wp-content\/uploads\/2024\/06\/bullets.png\",\"contentUrl\":\"https:\/\/vvpartners.co\/wp-content\/uploads\/2024\/06\/bullets.png\"},{\"@type\":\"BreadcrumbList\",\"@id\":\"https:\/\/vvpartners.co\/about\/#breadcrumb\",\"itemListElement\":[{\"@type\":\"ListItem\",\"position\":1,\"name\":\"Home\",\"item\":\"https:\/\/vvpartners.co\/\"},{\"@type\":\"ListItem\",\"position\":2,\"name\":\"About\"}]},{\"@type\":\"WebSite\",\"@id\":\"https:\/\/vvpartners.co\/#website\",\"url\":\"https:\/\/vvpartners.co\/\",\"name\":\"Value Venture & Partners\",\"description\":\"\",\"publisher\":{\"@id\":\"https:\/\/vvpartners.co\/#organization\"},\"potentialAction\":[{\"@type\":\"SearchAction\",\"target\":{\"@type\":\"EntryPoint\",\"urlTemplate\":\"https:\/\/vvpartners.co\/?s={search_term_string}\"},\"query-input\":{\"@type\":\"PropertyValueSpecification\",\"valueRequired\":true,\"valueName\":\"search_term_string\"}}],\"inLanguage\":\"tr\"},{\"@type\":\"Organization\",\"@id\":\"https:\/\/vvpartners.co\/#organization\",\"name\":\"Value Venture & Partners\",\"url\":\"https:\/\/vvpartners.co\/\",\"logo\":{\"@type\":\"ImageObject\",\"inLanguage\":\"tr\",\"@id\":\"https:\/\/vvpartners.co\/#\/schema\/logo\/image\/\",\"url\":\"https:\/\/vvpartners.co\/wp-content\/uploads\/2024\/07\/meta-vvp.png\",\"contentUrl\":\"https:\/\/vvpartners.co\/wp-content\/uploads\/2024\/07\/meta-vvp.png\",\"width\":1024,\"height\":1024,\"caption\":\"Value Venture & Partners\"},\"image\":{\"@id\":\"https:\/\/vvpartners.co\/#\/schema\/logo\/image\/\"},\"sameAs\":[\"https:\/\/www.linkedin.com\/company\/vvpartners\"]}]}<\/script>\n<!-- \/ Yoast SEO plugin. -->","yoast_head_json":{"title":"About - Value Venture &amp; Partners","description":"VVP specializes in identifying the right expertise, marketing and technology partners and managing the process on your behalf. By doing so, we lighten your load, enabling you to focus more on growth and success.","robots":{"index":"index","follow":"follow","max-snippet":"max-snippet:-1","max-image-preview":"max-image-preview:large","max-video-preview":"max-video-preview:-1"},"canonical":"https:\/\/vvpartners.co\/tr\/hakkinda\/","og_locale":"tr_TR","og_type":"article","og_title":"Value Venture & Partners","og_description":"VVP specializes in identifying the right expertise, marketing and technology partners and managing the process on your behalf. By doing so, we lighten your load, enabling you to focus more on growth and success.","og_url":"https:\/\/vvpartners.co\/tr\/hakkinda\/","og_site_name":"Value Venture &amp; Partners","article_modified_time":"2024-07-19T13:10:07+00:00","og_image":[{"width":1024,"height":1024,"url":"https:\/\/vvpartners.co\/wp-content\/uploads\/2024\/07\/meta-vvp.png","type":"image\/png"}],"twitter_card":"summary_large_image","twitter_title":"Value Venture & Partners","twitter_description":"VVP specializes in identifying the right expertise, marketing and technology partners and managing the process on your behalf. By doing so, we lighten your load, enabling you to focus more on growth and success.","twitter_image":"https:\/\/vvpartners.co\/wp-content\/uploads\/2024\/07\/meta-vvp.png","twitter_misc":{"Tahmini okuma s\u00fcresi":"2 dakika"},"schema":{"@context":"https:\/\/schema.org","@graph":[{"@type":"WebPage","@id":"https:\/\/vvpartners.co\/about\/","url":"https:\/\/vvpartners.co\/about\/","name":"About - Value Venture &amp; Partners","isPartOf":{"@id":"https:\/\/vvpartners.co\/#website"},"primaryImageOfPage":{"@id":"https:\/\/vvpartners.co\/about\/#primaryimage"},"image":{"@id":"https:\/\/vvpartners.co\/about\/#primaryimage"},"thumbnailUrl":"https:\/\/vvpartners.co\/wp-content\/uploads\/2024\/06\/bullets.png","datePublished":"2016-08-04T08:52:28+00:00","dateModified":"2024-07-19T13:10:07+00:00","description":"VVP specializes in identifying the right expertise, marketing and technology partners and managing the process on your behalf. By doing so, we lighten your load, enabling you to focus more on growth and success.","breadcrumb":{"@id":"https:\/\/vvpartners.co\/about\/#breadcrumb"},"inLanguage":"tr","potentialAction":[{"@type":"ReadAction","target":["https:\/\/vvpartners.co\/about\/"]}]},{"@type":"ImageObject","inLanguage":"tr","@id":"https:\/\/vvpartners.co\/about\/#primaryimage","url":"https:\/\/vvpartners.co\/wp-content\/uploads\/2024\/06\/bullets.png","contentUrl":"https:\/\/vvpartners.co\/wp-content\/uploads\/2024\/06\/bullets.png"},{"@type":"BreadcrumbList","@id":"https:\/\/vvpartners.co\/about\/#breadcrumb","itemListElement":[{"@type":"ListItem","position":1,"name":"Home","item":"https:\/\/vvpartners.co\/"},{"@type":"ListItem","position":2,"name":"About"}]},{"@type":"WebSite","@id":"https:\/\/vvpartners.co\/#website","url":"https:\/\/vvpartners.co\/","name":"Value Venture & Partners","description":"","publisher":{"@id":"https:\/\/vvpartners.co\/#organization"},"potentialAction":[{"@type":"SearchAction","target":{"@type":"EntryPoint","urlTemplate":"https:\/\/vvpartners.co\/?s={search_term_string}"},"query-input":{"@type":"PropertyValueSpecification","valueRequired":true,"valueName":"search_term_string"}}],"inLanguage":"tr"},{"@type":"Organization","@id":"https:\/\/vvpartners.co\/#organization","name":"Value Venture & Partners","url":"https:\/\/vvpartners.co\/","logo":{"@type":"ImageObject","inLanguage":"tr","@id":"https:\/\/vvpartners.co\/#\/schema\/logo\/image\/","url":"https:\/\/vvpartners.co\/wp-content\/uploads\/2024\/07\/meta-vvp.png","contentUrl":"https:\/\/vvpartners.co\/wp-content\/uploads\/2024\/07\/meta-vvp.png","width":1024,"height":1024,"caption":"Value Venture & Partners"},"image":{"@id":"https:\/\/vvpartners.co\/#\/schema\/logo\/image\/"},"sameAs":["https:\/\/www.linkedin.com\/company\/vvpartners"]}]}},"_links":{"self":[{"href":"https:\/\/vvpartners.co\/tr\/wp-json\/wp\/v2\/pages\/14","targetHints":{"allow":["GET"]}}],"collection":[{"href":"https:\/\/vvpartners.co\/tr\/wp-json\/wp\/v2\/pages"}],"about":[{"href":"https:\/\/vvpartners.co\/tr\/wp-json\/wp\/v2\/types\/page"}],"author":[{"embeddable":true,"href":"https:\/\/vvpartners.co\/tr\/wp-json\/wp\/v2\/users\/1"}],"replies":[{"embeddable":true,"href":"https:\/\/vvpartners.co\/tr\/wp-json\/wp\/v2\/comments?post=14"}],"version-history":[{"count":147,"href":"https:\/\/vvpartners.co\/tr\/wp-json\/wp\/v2\/pages\/14\/revisions"}],"predecessor-version":[{"id":5250,"href":"https:\/\/vvpartners.co\/tr\/wp-json\/wp\/v2\/pages\/14\/revisions\/5250"}],"wp:attachment":[{"href":"https:\/\/vvpartners.co\/tr\/wp-json\/wp\/v2\/media?parent=14"}],"curies":[{"name":"wp","href":"https:\/\/api.w.org\/{rel}","templated":true}]}}