{"id":28,"date":"2016-08-05T07:46:52","date_gmt":"2016-08-05T07:46:52","guid":{"rendered":"http:\/\/sw-themes.com\/porto_dummy\/?page_id=28"},"modified":"2025-11-27T10:31:22","modified_gmt":"2025-11-27T10:31:22","slug":"contact","status":"publish","type":"page","link":"https:\/\/vvpartners.co\/tr\/iletisim\/","title":{"rendered":"\u0130leti\u015fim"},"content":{"rendered":"<div data-elementor-type=\"wp-page\" data-elementor-id=\"28\" class=\"elementor elementor-28\">\n\t\t\t\t\t\t<section class=\"elementor-section elementor-top-section elementor-element elementor-element-b0b2575 py-5 elementor-section-content-top elementor-section-boxed elementor-section-height-default elementor-section-height-default\" data-id=\"b0b2575\" data-element_type=\"section\">\r\n\t\t\r\n\t\t\t\t\t\t\t<div class=\"elementor-container elementor-column-gap-custom\">\r\n\t\t\t\t\t\t\t\t\t\t\t<div class=\"elementor-column elementor-col-50 elementor-top-column elementor-element elementor-element-6a8bd3d elementor-invisible\" data-id=\"6a8bd3d\" data-element_type=\"column\" data-settings=\"{&quot;animation&quot;:&quot;fadeIn&quot;,&quot;animation_delay&quot;:&quot;100&quot;,&quot;background_background&quot;:&quot;classic&quot;}\">\r\n\t\t\t\t\t<div class=\"elementor-widget-wrap elementor-element-populated\">\r\n\t\t\t\t\t\t\t\t<div class=\"elementor-element elementor-element-1498f4b elementor-hidden-desktop elementor-widget elementor-widget-spacer\" data-id=\"1498f4b\" data-element_type=\"widget\" data-widget_type=\"spacer.default\">\n\t\t\t\t<div class=\"elementor-widget-container\">\n\t\t\t\t\t\t\t<div class=\"elementor-spacer\">\n\t\t\t<div class=\"elementor-spacer-inner\"><\/div>\n\t\t<\/div>\n\t\t\t\t\t\t<\/div>\n\t\t\t\t<\/div>\n\t\t\t\t<div class=\"elementor-element elementor-element-177881a elementor-widget__width-initial elementor-hidden-tablet elementor-hidden-mobile elementor-invisible elementor-widget elementor-widget-porto_ultimate_heading\" data-id=\"177881a\" data-element_type=\"widget\" data-settings=\"{&quot;_animation&quot;:&quot;fadeInUp&quot;,&quot;_animation_delay&quot;:400}\" data-widget_type=\"porto_ultimate_heading.default\">\n\t\t\t\t<div class=\"elementor-widget-container\">\n\t\t\t\t\t<div class=\"porto-u-heading  porto-u-ad87e2eaf3f9c495180fe0156ddf3eb0\"><div class=\"porto-u-sub-heading\" style=\"\"><p><em>\u201cVVP, do\u011fru uzmanl\u0131k, pazarlama ve teknoloji ortaklar\u0131n\u0131 belirleme ve s\u00fcreci sizin ad\u0131n\u0131za y\u00f6netme konusunda uzmanla\u015fm\u0131\u015ft\u0131r. B\u00f6ylelikle y\u00fck\u00fcn\u00fcz\u00fc hafifleterek, b\u00fcy\u00fcme ve ba\u015far\u0131ya daha fazla odaklanman\u0131z\u0131 sa\u011fl\u0131yoruz.\u201d<\/em><\/p><p>Yi\u011fit Kalafato\u011flu<\/p><\/div><style>.porto-u-ad87e2eaf3f9c495180fe0156ddf3eb0.porto-u-heading{text-align:left}<\/style><\/div>\t\t\t\t<\/div>\n\t\t\t\t<\/div>\n\t\t\t\t\t<\/div>\r\n\t\t\t\t<\/div>\r\n\t\t\t\t<div class=\"elementor-column elementor-col-50 elementor-top-column elementor-element elementor-element-4699240\" data-id=\"4699240\" data-element_type=\"column\">\r\n\t\t\t\t\t<div class=\"elementor-widget-wrap elementor-element-populated\">\r\n\t\t\t\t\t\t\t\t<div class=\"elementor-element elementor-element-eda5078 elementor-widget elementor-widget-heading\" data-id=\"eda5078\" data-element_type=\"widget\" data-widget_type=\"heading.default\">\n\t\t\t\t<div class=\"elementor-widget-container\">\n\t\t\t\t\t<h2 class=\"elementor-heading-title elementor-size-default\">Do\u011fru \u00e7\u00f6z\u00fcm\u00fc bulmak i\u00e7in i\u015fbirli\u011fi yapal\u0131m.<\/h2>\t\t\t\t<\/div>\n\t\t\t\t<\/div>\n\t\t\t\t<div class=\"elementor-element elementor-element-fdc512a elementor-widget elementor-widget-porto_contact_form\" data-id=\"fdc512a\" data-element_type=\"widget\" data-widget_type=\"porto_contact_form.default\">\n\t\t\t\t<div class=\"elementor-widget-container\">\n\t\t\t\t\t\n<div class=\"wpcf7 no-js\" id=\"wpcf7-f57-o1\" lang=\"en-US\" dir=\"ltr\" data-wpcf7-id=\"57\">\n<div class=\"screen-reader-response\"><p role=\"status\" aria-live=\"polite\" aria-atomic=\"true\"><\/p> <ul><\/ul><\/div>\n<form action=\"\/tr\/wp-json\/wp\/v2\/pages\/28#wpcf7-f57-o1\" method=\"post\" class=\"wpcf7-form init\" aria-label=\"Contact form\" novalidate=\"novalidate\" data-status=\"init\" data-trp-original-action=\"\/tr\/wp-json\/wp\/v2\/pages\/28#wpcf7-f57-o1\">\n<fieldset class=\"hidden-fields-container\"><input type=\"hidden\" name=\"_wpcf7\" value=\"57\" \/><input type=\"hidden\" name=\"_wpcf7_version\" value=\"6.1.3\" \/><input type=\"hidden\" name=\"_wpcf7_locale\" value=\"en_US\" \/><input type=\"hidden\" name=\"_wpcf7_unit_tag\" value=\"wpcf7-f57-o1\" \/><input type=\"hidden\" name=\"_wpcf7_container_post\" value=\"0\" \/><input type=\"hidden\" name=\"_wpcf7_posted_data_hash\" value=\"\" \/>\n<\/fieldset>\n<div class=\"row justify-content-center\">\n            <div class=\"col-lg-6\">\n                <div class=\"form-group mb-4\">\n                    <span class=\"wpcf7-form-control-wrap\" data-name=\"your-name\"><input size=\"40\" maxlength=\"400\" class=\"wpcf7-form-control wpcf7-text wpcf7-validates-as-required form-control input-lg\" id=\"contact-name\" aria-required=\"true\" aria-invalid=\"false\" placeholder=\"Ad\u0131n\u0131z\" value=\"\" type=\"text\" name=\"your-name\" \/><\/span>\n                <\/div>\n            <\/div>\n            <div class=\"col-lg-6\">\n                <div class=\"form-group mb-4\">\n                    <span class=\"wpcf7-form-control-wrap\" data-name=\"your-phone\"><input size=\"40\" maxlength=\"400\" class=\"wpcf7-form-control wpcf7-text wpcf7-validates-as-required form-control input-lg\" id=\"contact-phone\" aria-required=\"true\" aria-invalid=\"false\" placeholder=\"Telefon Numaras\u0131\" value=\"\" type=\"text\" name=\"your-phone\" \/><\/span>\n                <\/div>\n            <\/div>\n            <div class=\"col-lg-6\">\n                <div class=\"form-group mb-4\">\n                    <span class=\"wpcf7-form-control-wrap\" data-name=\"your-email\"><input size=\"40\" maxlength=\"400\" class=\"wpcf7-form-control wpcf7-email wpcf7-validates-as-required wpcf7-text wpcf7-validates-as-email form-control input-lg\" id=\"contact-email\" aria-required=\"true\" aria-invalid=\"false\" placeholder=\"E-posta adresiniz\" value=\"\" type=\"email\" name=\"your-email\" \/><\/span>\n                <\/div>\n            <\/div>\n            <div class=\"col-lg-6\">\n                <div class=\"form-group mb-4\">\n                    <span class=\"wpcf7-form-control-wrap\" data-name=\"your-subject\"><input size=\"40\" maxlength=\"400\" class=\"wpcf7-form-control wpcf7-text wpcf7-validates-as-required form-control input-lg\" id=\"contact-subject\" aria-required=\"true\" aria-invalid=\"false\" placeholder=\"Konu\" value=\"\" type=\"text\" name=\"your-subject\" \/><\/span>\n                <\/div>\n            <\/div>\n            <div class=\"col-lg-12\">\n                <div class=\"form-group mb-4\">\n                    <span class=\"wpcf7-form-control-wrap\" data-name=\"your-message\"><textarea cols=\"40\" rows=\"10\" maxlength=\"2000\" class=\"wpcf7-form-control wpcf7-textarea wpcf7-validates-as-required form-control input-lg py-3\" id=\"contact-message\" aria-required=\"true\" aria-invalid=\"false\" placeholder=\"Mesaj\u0131n\u0131z\" name=\"your-message\"><\/textarea><\/span>\n                <\/div>\n            <\/div>\n            <div class=\"col-lg-12\">\n                <div class=\"form-group\">\n                    <span class=\"wpcf7-form-control-wrap\" data-name=\"hcap-cf7\">\t\t<input\n\t\t\t\ttype=\"hidden\"\n\t\t\t\tclass=\"hcaptcha-widget-id\"\n\t\t\t\tname=\"hcaptcha-widget-id\"\n\t\t\t\tvalue=\"eyJzb3VyY2UiOlsiY29udGFjdC1mb3JtLTdcL3dwLWNvbnRhY3QtZm9ybS03LnBocCJdLCJmb3JtX2lkIjo1N30=-6ce8982a111db9f7d6796279bd349e94\">\n\t\t\t\t<span id=\"hcap_cf7-69ddf5cc6b0606.40661310\" class=\"wpcf7-form-control h-captcha\"\n\t\t\tdata-sitekey=\"64c03334-be18-4788-9446-45ee90dc9bf4\"\n\t\t\tdata-theme=\"light\"\n\t\t\tdata-size=\"normal\"\n\t\t\tdata-auto=\"false\"\n\t\t\tdata-ajax=\"false\"\n\t\t\tdata-force=\"false\">\n\t\t<\/span>\n\t\t<input type=\"hidden\" id=\"_wpnonce\" name=\"_wpnonce\" value=\"f0e8cb9d30\" \/><input type=\"hidden\" name=\"_wp_http_referer\" value=\"\/tr\/wp-json\/wp\/v2\/pages\/28\" \/><\/span><input class=\"wpcf7-form-control wpcf7-submit has-spinner btn btn-primary btn-xl\" type=\"submit\" value=\"G\u00f6nder\" \/>\n                <\/div>\n            <\/div>\n<\/div><div class=\"wpcf7-response-output\" aria-hidden=\"true\"><\/div>\n<input type=\"hidden\" name=\"trp-form-language\" value=\"tr\"\/><\/form>\n<\/div>\n\t\t\t\t<\/div>\n\t\t\t\t<\/div>\n\t\t\t\t\t<\/div>\r\n\t\t\t\t<\/div>\r\n\t\t\t\t\t<\/div>\r\n\t\t\t\t<\/section>\r\n\t\t\t\t<\/div>","protected":false},"excerpt":{"rendered":"<p>\u201cVVP specializes in identifying the right expertise, marketing and technology partners and managing the process on your behalf. By doing so, we lighten your load, enabling you to focus more on growth and success.\u201d Yi\u011fit Kalafato\u011flu Let&#8217;s collaborate to find the right solution.<\/p>","protected":false},"author":1,"featured_media":0,"parent":0,"menu_order":0,"comment_status":"closed","ping_status":"closed","template":"","meta":{"content-type":"","footnotes":""},"class_list":["post-28","page","type-page","status-publish","hentry"],"yoast_head":"<!-- This site is optimized with the Yoast SEO plugin v26.3 - https:\/\/yoast.com\/wordpress\/plugins\/seo\/ -->\n<title>Contact - Value Venture &amp; Partners<\/title>\n<meta name=\"description\" content=\"VVP specializes in identifying the right expertise, marketing and technology partners and managing the process on your behalf. By doing so, we lighten your load, enabling you to focus more on growth and success.\" \/>\n<meta name=\"robots\" content=\"index, follow, max-snippet:-1, max-image-preview:large, max-video-preview:-1\" \/>\n<link rel=\"canonical\" href=\"https:\/\/vvpartners.co\/tr\/iletisim\/\" \/>\n<meta property=\"og:locale\" content=\"tr_TR\" \/>\n<meta property=\"og:type\" content=\"article\" \/>\n<meta property=\"og:title\" content=\"Value Venture &amp; Partners\" \/>\n<meta property=\"og:description\" content=\"VVP specializes in identifying the right expertise, marketing and technology partners and managing the process on your behalf. By doing so, we lighten your load, enabling you to focus more on growth and success.\" \/>\n<meta property=\"og:url\" content=\"https:\/\/vvpartners.co\/tr\/iletisim\/\" \/>\n<meta property=\"og:site_name\" content=\"Value Venture &amp; Partners\" \/>\n<meta property=\"article:modified_time\" content=\"2025-11-27T10:31:22+00:00\" \/>\n<meta property=\"og:image\" content=\"https:\/\/vvpartners.co\/wp-content\/uploads\/2024\/07\/meta-vvp.png\" \/>\n\t<meta property=\"og:image:width\" content=\"1024\" \/>\n\t<meta property=\"og:image:height\" content=\"1024\" \/>\n\t<meta property=\"og:image:type\" content=\"image\/png\" \/>\n<meta name=\"twitter:card\" content=\"summary_large_image\" \/>\n<meta name=\"twitter:title\" content=\"Value Venture &amp; Partners\" \/>\n<meta name=\"twitter:description\" content=\"VVP specializes in identifying the right expertise, marketing and technology partners and managing the process on your behalf. By doing so, we lighten your load, enabling you to focus more on growth and success.\" \/>\n<meta name=\"twitter:image\" content=\"https:\/\/vvpartners.co\/wp-content\/uploads\/2024\/07\/meta-vvp.png\" \/>\n<meta name=\"twitter:label1\" content=\"Tahmini okuma s\u00fcresi\" \/>\n\t<meta name=\"twitter:data1\" content=\"1 dakika\" \/>\n<script type=\"application\/ld+json\" class=\"yoast-schema-graph\">{\"@context\":\"https:\/\/schema.org\",\"@graph\":[{\"@type\":\"WebPage\",\"@id\":\"https:\/\/vvpartners.co\/contact\/\",\"url\":\"https:\/\/vvpartners.co\/contact\/\",\"name\":\"Contact - Value Venture &amp; Partners\",\"isPartOf\":{\"@id\":\"https:\/\/vvpartners.co\/#website\"},\"datePublished\":\"2016-08-05T07:46:52+00:00\",\"dateModified\":\"2025-11-27T10:31:22+00:00\",\"description\":\"VVP specializes in identifying the right expertise, marketing and technology partners and managing the process on your behalf. By doing so, we lighten your load, enabling you to focus more on growth and success.\",\"breadcrumb\":{\"@id\":\"https:\/\/vvpartners.co\/contact\/#breadcrumb\"},\"inLanguage\":\"tr\",\"potentialAction\":[{\"@type\":\"ReadAction\",\"target\":[\"https:\/\/vvpartners.co\/contact\/\"]}]},{\"@type\":\"BreadcrumbList\",\"@id\":\"https:\/\/vvpartners.co\/contact\/#breadcrumb\",\"itemListElement\":[{\"@type\":\"ListItem\",\"position\":1,\"name\":\"Home\",\"item\":\"https:\/\/vvpartners.co\/\"},{\"@type\":\"ListItem\",\"position\":2,\"name\":\"Contact\"}]},{\"@type\":\"WebSite\",\"@id\":\"https:\/\/vvpartners.co\/#website\",\"url\":\"https:\/\/vvpartners.co\/\",\"name\":\"Value Venture & Partners\",\"description\":\"\",\"publisher\":{\"@id\":\"https:\/\/vvpartners.co\/#organization\"},\"potentialAction\":[{\"@type\":\"SearchAction\",\"target\":{\"@type\":\"EntryPoint\",\"urlTemplate\":\"https:\/\/vvpartners.co\/?s={search_term_string}\"},\"query-input\":{\"@type\":\"PropertyValueSpecification\",\"valueRequired\":true,\"valueName\":\"search_term_string\"}}],\"inLanguage\":\"tr\"},{\"@type\":\"Organization\",\"@id\":\"https:\/\/vvpartners.co\/#organization\",\"name\":\"Value Venture & Partners\",\"url\":\"https:\/\/vvpartners.co\/\",\"logo\":{\"@type\":\"ImageObject\",\"inLanguage\":\"tr\",\"@id\":\"https:\/\/vvpartners.co\/#\/schema\/logo\/image\/\",\"url\":\"https:\/\/vvpartners.co\/wp-content\/uploads\/2024\/07\/meta-vvp.png\",\"contentUrl\":\"https:\/\/vvpartners.co\/wp-content\/uploads\/2024\/07\/meta-vvp.png\",\"width\":1024,\"height\":1024,\"caption\":\"Value Venture & Partners\"},\"image\":{\"@id\":\"https:\/\/vvpartners.co\/#\/schema\/logo\/image\/\"},\"sameAs\":[\"https:\/\/www.linkedin.com\/company\/vvpartners\"]}]}<\/script>\n<!-- \/ Yoast SEO plugin. -->","yoast_head_json":{"title":"Contact - Value Venture &amp; Partners","description":"VVP specializes in identifying the right expertise, marketing and technology partners and managing the process on your behalf. By doing so, we lighten your load, enabling you to focus more on growth and success.","robots":{"index":"index","follow":"follow","max-snippet":"max-snippet:-1","max-image-preview":"max-image-preview:large","max-video-preview":"max-video-preview:-1"},"canonical":"https:\/\/vvpartners.co\/tr\/iletisim\/","og_locale":"tr_TR","og_type":"article","og_title":"Value Venture & Partners","og_description":"VVP specializes in identifying the right expertise, marketing and technology partners and managing the process on your behalf. By doing so, we lighten your load, enabling you to focus more on growth and success.","og_url":"https:\/\/vvpartners.co\/tr\/iletisim\/","og_site_name":"Value Venture &amp; Partners","article_modified_time":"2025-11-27T10:31:22+00:00","og_image":[{"width":1024,"height":1024,"url":"https:\/\/vvpartners.co\/wp-content\/uploads\/2024\/07\/meta-vvp.png","type":"image\/png"}],"twitter_card":"summary_large_image","twitter_title":"Value Venture & Partners","twitter_description":"VVP specializes in identifying the right expertise, marketing and technology partners and managing the process on your behalf. By doing so, we lighten your load, enabling you to focus more on growth and success.","twitter_image":"https:\/\/vvpartners.co\/wp-content\/uploads\/2024\/07\/meta-vvp.png","twitter_misc":{"Tahmini okuma s\u00fcresi":"1 dakika"},"schema":{"@context":"https:\/\/schema.org","@graph":[{"@type":"WebPage","@id":"https:\/\/vvpartners.co\/contact\/","url":"https:\/\/vvpartners.co\/contact\/","name":"Contact - Value Venture &amp; Partners","isPartOf":{"@id":"https:\/\/vvpartners.co\/#website"},"datePublished":"2016-08-05T07:46:52+00:00","dateModified":"2025-11-27T10:31:22+00:00","description":"VVP specializes in identifying the right expertise, marketing and technology partners and managing the process on your behalf. By doing so, we lighten your load, enabling you to focus more on growth and success.","breadcrumb":{"@id":"https:\/\/vvpartners.co\/contact\/#breadcrumb"},"inLanguage":"tr","potentialAction":[{"@type":"ReadAction","target":["https:\/\/vvpartners.co\/contact\/"]}]},{"@type":"BreadcrumbList","@id":"https:\/\/vvpartners.co\/contact\/#breadcrumb","itemListElement":[{"@type":"ListItem","position":1,"name":"Home","item":"https:\/\/vvpartners.co\/"},{"@type":"ListItem","position":2,"name":"Contact"}]},{"@type":"WebSite","@id":"https:\/\/vvpartners.co\/#website","url":"https:\/\/vvpartners.co\/","name":"Value Venture & Partners","description":"","publisher":{"@id":"https:\/\/vvpartners.co\/#organization"},"potentialAction":[{"@type":"SearchAction","target":{"@type":"EntryPoint","urlTemplate":"https:\/\/vvpartners.co\/?s={search_term_string}"},"query-input":{"@type":"PropertyValueSpecification","valueRequired":true,"valueName":"search_term_string"}}],"inLanguage":"tr"},{"@type":"Organization","@id":"https:\/\/vvpartners.co\/#organization","name":"Value Venture & Partners","url":"https:\/\/vvpartners.co\/","logo":{"@type":"ImageObject","inLanguage":"tr","@id":"https:\/\/vvpartners.co\/#\/schema\/logo\/image\/","url":"https:\/\/vvpartners.co\/wp-content\/uploads\/2024\/07\/meta-vvp.png","contentUrl":"https:\/\/vvpartners.co\/wp-content\/uploads\/2024\/07\/meta-vvp.png","width":1024,"height":1024,"caption":"Value Venture & Partners"},"image":{"@id":"https:\/\/vvpartners.co\/#\/schema\/logo\/image\/"},"sameAs":["https:\/\/www.linkedin.com\/company\/vvpartners"]}]}},"_links":{"self":[{"href":"https:\/\/vvpartners.co\/tr\/wp-json\/wp\/v2\/pages\/28","targetHints":{"allow":["GET"]}}],"collection":[{"href":"https:\/\/vvpartners.co\/tr\/wp-json\/wp\/v2\/pages"}],"about":[{"href":"https:\/\/vvpartners.co\/tr\/wp-json\/wp\/v2\/types\/page"}],"author":[{"embeddable":true,"href":"https:\/\/vvpartners.co\/tr\/wp-json\/wp\/v2\/users\/1"}],"replies":[{"embeddable":true,"href":"https:\/\/vvpartners.co\/tr\/wp-json\/wp\/v2\/comments?post=28"}],"version-history":[{"count":87,"href":"https:\/\/vvpartners.co\/tr\/wp-json\/wp\/v2\/pages\/28\/revisions"}],"predecessor-version":[{"id":6399,"href":"https:\/\/vvpartners.co\/tr\/wp-json\/wp\/v2\/pages\/28\/revisions\/6399"}],"wp:attachment":[{"href":"https:\/\/vvpartners.co\/tr\/wp-json\/wp\/v2\/media?parent=28"}],"curies":[{"name":"wp","href":"https:\/\/api.w.org\/{rel}","templated":true}]}}